{"id":15478,"date":"2022-11-22T18:48:34","date_gmt":"2022-11-22T18:48:34","guid":{"rendered":"https:\/\/snowmobileactiontremblant.com\/book-now\/"},"modified":"2022-11-22T19:26:38","modified_gmt":"2022-11-22T19:26:38","slug":"reservez-ici","status":"publish","type":"page","link":"https:\/\/snowmobileactiontremblant.com\/fr\/reservez-ici\/","title":{"rendered":"R\u00e9servez Ici"},"content":{"rendered":"<section class=\"wpb-content-wrapper\"><p>[vc_row][vc_column][vc_raw_html]JTNDc2NyaXB0JTIwdHlwZSUzRCUyMnRleHQlMkZqYXZhc2NyaXB0JTIyJTIwc3JjJTNEJTIyaHR0cHMlM0ElMkYlMkZib29rZW8uY29tJTJGd2lkZ2V0LmpzJTNGYSUzRDQxNTc1WUxYVEhZMTZFNUM2MzZENTElMjIlM0UlM0MlMkZzY3JpcHQlM0U=[\/vc_raw_html][vc_raw_html]JTNDaWZyYW1lJTIwc3JjJTNEJTIyaHR0cHMlM0ElMkYlMkZib29rZW8uY29tJTJGYWN0aW9udHJlbWJsYW50JTJGcmV2aWV3cyUzRnJvd3MlM0QxJTI2Y29sdW1ucyUzRDMlMjIlMjB3aWR0aCUzRCUyMjkwMCUyMiUyMGhlaWdodCUzRCUyMjE1MCUyMiUyMGZyYW1lYm9yZGVyJTNEJTIyMCUyMiUzRSUzQyUyRmlmcmFtZSUzRQ==[\/vc_raw_html][\/vc_column][\/vc_row]<\/p>\n<\/section>","protected":false},"excerpt":{"rendered":"<p>[vc_row][vc_column][vc_raw_html]JTNDc2NyaXB0JTIwdHlwZSUzRCUyMnRleHQlMkZqYXZhc2NyaXB0JTIyJTIwc3JjJTNEJTIyaHR0cHMlM0ElMkYlMkZib29rZW8uY29tJTJGd2lkZ2V0LmpzJTNGYSUzRDQxNTc1WUxYVEhZMTZFNUM2MzZENTElMjIlM0UlM0MlMkZzY3JpcHQlM0U=[\/vc_raw_html][vc_raw_html]JTNDaWZyYW1lJTIwc3JjJTNEJTIyaHR0cHMlM0ElMkYlMkZib29rZW8uY29tJTJGYWN0aW9udHJlbWJsYW50JTJGcmV2aWV3cyUzRnJvd3MlM0QxJTI2Y29sdW1ucyUzRDMlMjIlMjB3aWR0aCUzRCUyMjkwMCUyMiUyMGhlaWdodCUzRCUyMjE1MCUyMiUyMGZyYW1lYm9yZGVyJTNEJTIyMCUyMiUzRSUzQyUyRmlmcmFtZSUzRQ==[\/vc_raw_html][\/vc_column][\/vc_row]<\/p>\n","protected":false},"author":1,"featured_media":0,"parent":0,"menu_order":0,"comment_status":"closed","ping_status":"closed","template":"","meta":{"footnotes":""},"class_list":["post-15478","page","type-page","status-publish","hentry","description-off"],"yoast_head":"<!-- This site is optimized with the Yoast SEO plugin v27.4 - https:\/\/yoast.com\/product\/yoast-seo-wordpress\/ -->\n<title>R\u00e9servez Ici - Snowmobile Action Tremblant<\/title>\n<meta name=\"description\" content=\"Snowmobile Action Tremblant propose des visites pour vous et votre famille. Du d\u00e9butant \u00e0 l&#039;exp\u00e9riment\u00e9. Activit\u00e9 hivernale dans la neige \u00e0 Mont Tremblant\" \/>\n<meta name=\"robots\" content=\"index, follow, max-snippet:-1, max-image-preview:large, max-video-preview:-1\" \/>\n<link rel=\"canonical\" href=\"https:\/\/snowmobileactiontremblant.com\/fr\/reservez-ici\/\" \/>\n<meta property=\"og:locale\" content=\"fr_FR\" \/>\n<meta property=\"og:type\" content=\"article\" \/>\n<meta property=\"og:title\" content=\"R\u00e9servez Ici - Snowmobile Action Tremblant\" \/>\n<meta property=\"og:description\" content=\"Snowmobile Action Tremblant propose des visites pour vous et votre famille. Du d\u00e9butant \u00e0 l&#039;exp\u00e9riment\u00e9. Activit\u00e9 hivernale dans la neige \u00e0 Mont Tremblant\" \/>\n<meta property=\"og:url\" content=\"https:\/\/snowmobileactiontremblant.com\/fr\/reservez-ici\/\" \/>\n<meta property=\"og:site_name\" content=\"Snowmobile Action Tremblant\" \/>\n<meta property=\"article:modified_time\" content=\"2022-11-22T19:26:38+00:00\" \/>\n<meta name=\"twitter:card\" content=\"summary_large_image\" \/>\n<meta name=\"twitter:label1\" content=\"Dur\u00e9e de lecture estim\u00e9e\" \/>\n\t<meta name=\"twitter:data1\" content=\"1 minute\" \/>\n<script type=\"application\/ld+json\" class=\"yoast-schema-graph\">{\"@context\":\"https:\\\/\\\/schema.org\",\"@graph\":[{\"@type\":\"WebPage\",\"@id\":\"https:\\\/\\\/snowmobileactiontremblant.com\\\/fr\\\/reservez-ici\\\/\",\"url\":\"https:\\\/\\\/snowmobileactiontremblant.com\\\/fr\\\/reservez-ici\\\/\",\"name\":\"R\u00e9servez Ici - Snowmobile Action Tremblant\",\"isPartOf\":{\"@id\":\"https:\\\/\\\/snowmobileactiontremblant.com\\\/fr\\\/#website\"},\"datePublished\":\"2022-11-22T18:48:34+00:00\",\"dateModified\":\"2022-11-22T19:26:38+00:00\",\"description\":\"Snowmobile Action Tremblant propose des visites pour vous et votre famille. Du d\u00e9butant \u00e0 l'exp\u00e9riment\u00e9. Activit\u00e9 hivernale dans la neige \u00e0 Mont Tremblant\",\"breadcrumb\":{\"@id\":\"https:\\\/\\\/snowmobileactiontremblant.com\\\/fr\\\/reservez-ici\\\/#breadcrumb\"},\"inLanguage\":\"fr-FR\",\"potentialAction\":[{\"@type\":\"ReadAction\",\"target\":[\"https:\\\/\\\/snowmobileactiontremblant.com\\\/fr\\\/reservez-ici\\\/\"]}]},{\"@type\":\"BreadcrumbList\",\"@id\":\"https:\\\/\\\/snowmobileactiontremblant.com\\\/fr\\\/reservez-ici\\\/#breadcrumb\",\"itemListElement\":[{\"@type\":\"ListItem\",\"position\":1,\"name\":\"Home\",\"item\":\"https:\\\/\\\/snowmobileactiontremblant.com\\\/fr\\\/\"},{\"@type\":\"ListItem\",\"position\":2,\"name\":\"R\u00e9servez Ici\"}]},{\"@type\":\"WebSite\",\"@id\":\"https:\\\/\\\/snowmobileactiontremblant.com\\\/fr\\\/#website\",\"url\":\"https:\\\/\\\/snowmobileactiontremblant.com\\\/fr\\\/\",\"name\":\"Snowmobile Action Tremblant\",\"description\":\"\",\"publisher\":{\"@id\":\"https:\\\/\\\/snowmobileactiontremblant.com\\\/fr\\\/#organization\"},\"potentialAction\":[{\"@type\":\"SearchAction\",\"target\":{\"@type\":\"EntryPoint\",\"urlTemplate\":\"https:\\\/\\\/snowmobileactiontremblant.com\\\/fr\\\/?s={search_term_string}\"},\"query-input\":{\"@type\":\"PropertyValueSpecification\",\"valueRequired\":true,\"valueName\":\"search_term_string\"}}],\"inLanguage\":\"fr-FR\"},{\"@type\":\"Organization\",\"@id\":\"https:\\\/\\\/snowmobileactiontremblant.com\\\/fr\\\/#organization\",\"name\":\"Snowmobile Action Tremblant\",\"url\":\"https:\\\/\\\/snowmobileactiontremblant.com\\\/fr\\\/\",\"logo\":{\"@type\":\"ImageObject\",\"inLanguage\":\"fr-FR\",\"@id\":\"https:\\\/\\\/snowmobileactiontremblant.com\\\/fr\\\/#\\\/schema\\\/logo\\\/image\\\/\",\"url\":\"https:\\\/\\\/snowmobileactiontremblant.com\\\/wp-content\\\/uploads\\\/2022\\\/11\\\/sm-actiontremblant22.png\",\"contentUrl\":\"https:\\\/\\\/snowmobileactiontremblant.com\\\/wp-content\\\/uploads\\\/2022\\\/11\\\/sm-actiontremblant22.png\",\"width\":135,\"height\":68,\"caption\":\"Snowmobile Action Tremblant\"},\"image\":{\"@id\":\"https:\\\/\\\/snowmobileactiontremblant.com\\\/fr\\\/#\\\/schema\\\/logo\\\/image\\\/\"}}]}<\/script>\n<!-- \/ Yoast SEO plugin. -->","yoast_head_json":{"title":"R\u00e9servez Ici - Snowmobile Action Tremblant","description":"Snowmobile Action Tremblant propose des visites pour vous et votre famille. Du d\u00e9butant \u00e0 l'exp\u00e9riment\u00e9. Activit\u00e9 hivernale dans la neige \u00e0 Mont Tremblant","robots":{"index":"index","follow":"follow","max-snippet":"max-snippet:-1","max-image-preview":"max-image-preview:large","max-video-preview":"max-video-preview:-1"},"canonical":"https:\/\/snowmobileactiontremblant.com\/fr\/reservez-ici\/","og_locale":"fr_FR","og_type":"article","og_title":"R\u00e9servez Ici - Snowmobile Action Tremblant","og_description":"Snowmobile Action Tremblant propose des visites pour vous et votre famille. Du d\u00e9butant \u00e0 l'exp\u00e9riment\u00e9. Activit\u00e9 hivernale dans la neige \u00e0 Mont Tremblant","og_url":"https:\/\/snowmobileactiontremblant.com\/fr\/reservez-ici\/","og_site_name":"Snowmobile Action Tremblant","article_modified_time":"2022-11-22T19:26:38+00:00","twitter_card":"summary_large_image","twitter_misc":{"Dur\u00e9e de lecture estim\u00e9e":"1 minute"},"schema":{"@context":"https:\/\/schema.org","@graph":[{"@type":"WebPage","@id":"https:\/\/snowmobileactiontremblant.com\/fr\/reservez-ici\/","url":"https:\/\/snowmobileactiontremblant.com\/fr\/reservez-ici\/","name":"R\u00e9servez Ici - Snowmobile Action Tremblant","isPartOf":{"@id":"https:\/\/snowmobileactiontremblant.com\/fr\/#website"},"datePublished":"2022-11-22T18:48:34+00:00","dateModified":"2022-11-22T19:26:38+00:00","description":"Snowmobile Action Tremblant propose des visites pour vous et votre famille. Du d\u00e9butant \u00e0 l'exp\u00e9riment\u00e9. Activit\u00e9 hivernale dans la neige \u00e0 Mont Tremblant","breadcrumb":{"@id":"https:\/\/snowmobileactiontremblant.com\/fr\/reservez-ici\/#breadcrumb"},"inLanguage":"fr-FR","potentialAction":[{"@type":"ReadAction","target":["https:\/\/snowmobileactiontremblant.com\/fr\/reservez-ici\/"]}]},{"@type":"BreadcrumbList","@id":"https:\/\/snowmobileactiontremblant.com\/fr\/reservez-ici\/#breadcrumb","itemListElement":[{"@type":"ListItem","position":1,"name":"Home","item":"https:\/\/snowmobileactiontremblant.com\/fr\/"},{"@type":"ListItem","position":2,"name":"R\u00e9servez Ici"}]},{"@type":"WebSite","@id":"https:\/\/snowmobileactiontremblant.com\/fr\/#website","url":"https:\/\/snowmobileactiontremblant.com\/fr\/","name":"Snowmobile Action Tremblant","description":"","publisher":{"@id":"https:\/\/snowmobileactiontremblant.com\/fr\/#organization"},"potentialAction":[{"@type":"SearchAction","target":{"@type":"EntryPoint","urlTemplate":"https:\/\/snowmobileactiontremblant.com\/fr\/?s={search_term_string}"},"query-input":{"@type":"PropertyValueSpecification","valueRequired":true,"valueName":"search_term_string"}}],"inLanguage":"fr-FR"},{"@type":"Organization","@id":"https:\/\/snowmobileactiontremblant.com\/fr\/#organization","name":"Snowmobile Action Tremblant","url":"https:\/\/snowmobileactiontremblant.com\/fr\/","logo":{"@type":"ImageObject","inLanguage":"fr-FR","@id":"https:\/\/snowmobileactiontremblant.com\/fr\/#\/schema\/logo\/image\/","url":"https:\/\/snowmobileactiontremblant.com\/wp-content\/uploads\/2022\/11\/sm-actiontremblant22.png","contentUrl":"https:\/\/snowmobileactiontremblant.com\/wp-content\/uploads\/2022\/11\/sm-actiontremblant22.png","width":135,"height":68,"caption":"Snowmobile Action Tremblant"},"image":{"@id":"https:\/\/snowmobileactiontremblant.com\/fr\/#\/schema\/logo\/image\/"}}]}},"jetpack_sharing_enabled":true,"_links":{"self":[{"href":"https:\/\/snowmobileactiontremblant.com\/fr\/wp-json\/wp\/v2\/pages\/15478","targetHints":{"allow":["GET"]}}],"collection":[{"href":"https:\/\/snowmobileactiontremblant.com\/fr\/wp-json\/wp\/v2\/pages"}],"about":[{"href":"https:\/\/snowmobileactiontremblant.com\/fr\/wp-json\/wp\/v2\/types\/page"}],"author":[{"embeddable":true,"href":"https:\/\/snowmobileactiontremblant.com\/fr\/wp-json\/wp\/v2\/users\/1"}],"replies":[{"embeddable":true,"href":"https:\/\/snowmobileactiontremblant.com\/fr\/wp-json\/wp\/v2\/comments?post=15478"}],"version-history":[{"count":2,"href":"https:\/\/snowmobileactiontremblant.com\/fr\/wp-json\/wp\/v2\/pages\/15478\/revisions"}],"predecessor-version":[{"id":15480,"href":"https:\/\/snowmobileactiontremblant.com\/fr\/wp-json\/wp\/v2\/pages\/15478\/revisions\/15480"}],"wp:attachment":[{"href":"https:\/\/snowmobileactiontremblant.com\/fr\/wp-json\/wp\/v2\/media?parent=15478"}],"curies":[{"name":"wp","href":"https:\/\/api.w.org\/{rel}","templated":true}]}}